{"id":3779,"date":"2021-03-29T17:07:43","date_gmt":"2021-03-29T15:07:43","guid":{"rendered":"https:\/\/www.italiauganda.org\/privacy-policy\/"},"modified":"2021-03-29T17:07:44","modified_gmt":"2021-03-29T15:07:44","slug":"privacy-policy","status":"publish","type":"page","link":"https:\/\/www2.italiauganda.org\/en\/privacy-policy\/","title":{"rendered":"Privacy Policy"},"content":{"rendered":"<p>[et_pb_section fb_built=&#8221;1&#8243; _builder_version=&#8221;3.22&#8243;][et_pb_row _builder_version=&#8221;3.25&#8243; background_size=&#8221;initial&#8221; background_position=&#8221;top_left&#8221; background_repeat=&#8221;repeat&#8221;][et_pb_column type=&#8221;4_4&#8243; _builder_version=&#8221;3.25&#8243; custom_padding=&#8221;|||&#8221; custom_padding__hover=&#8221;|||&#8221;][et_pb_text _builder_version=&#8221;4.5.1&#8243; background_size=&#8221;initial&#8221; background_position=&#8221;top_left&#8221; background_repeat=&#8221;repeat&#8221; hover_enabled=&#8221;0&#8243;]<\/p>\n<h1>Informativa Privacy Policy<\/h1>\n<p><strong>INFORMATIVA AI DONATORI SUL TRATTAMENTO DEI DATI<\/strong><br \/><strong> EX ART. 13 D.LGS. 196\/2003 E ART. 13 DEL REGOLAMENTO UE 2016\/679<\/strong><\/p>\n<p>Egregio Signore \/ Gentile Signora,<br \/>nel ringraziarLa per il Suo prezioso sostegno, Le comunichiamo che la Fondazione Italia Uganda per l\u2019opera di padre Giovanni Scalabrini Onlus, con sede legale in Milano, via Vincenzo Monti n. 34 (d\u2019ora in avanti, anche solo la \u201cFondazione\u201d), tratta i Suoi dati personali per il conseguimento delle finalit\u00e0 di cui al paragrafo 3. Le rilasciamo, pertanto, le informazioni relative al trattamento dei dati personali, ai sensi e per gli effetti di cui all\u2019art. 13 del D. Lgs. 196 del 30 giugno 2003 (di seguito il \u201cCodice Privacy\u201d) e dell\u2019art. 13 del Regolamento Privacy UE 2016\/679 (di seguito il \u201cRegolamento Privacy\u201d).<\/p>\n<p><strong>1. Glossario<\/strong><br \/>\u00abdato personale\u00bb: qualsiasi informazione riguardante una persona fisica identificata o identificabile (\u00abinteressato\u00bb); si considera identificabile la persona fisica che pu\u00f2 essere identificata, direttamente o indirettamente, con particolare riferimento a un identificativo come il nome, un numero di identificazione, dati relativi all\u2019ubicazione, un identificativo online o a uno o pi\u00f9 elementi caratteristici della sua identit\u00e0 fisica, fisiologica, genetica, psichica, economica, culturale o sociale;<br \/>\u00abtrattamento\u00bb: qualsiasi operazione o insieme di operazioni, compiute con o senza l\u2019ausilio di processi automatizzati e applicate a dati personali o insiemi di dati personali, come la raccolta, la registrazione, l\u2019organizzazione, la strutturazione, la conservazione, l\u2019adattamento o la modifica, l\u2019estrazione, la consultazione, l\u2019uso, la comunicazione mediante trasmissione, diffusione o qualsiasi altra forma di messa a disposizione, il raffronto o l\u2019interconnessione, la limitazione, la cancellazione o la distruzione;<br \/>\u00abtitolare del trattamento\u00bb: la persona fisica o giuridica, l\u2019autorit\u00e0 pubblica, il servizio o altro organismo che, singolarmente o insieme ad altri, determina le finalit\u00e0 e i mezzi del trattamento di dati personali; quando le finalit\u00e0 e i mezzi di tale trattamento sono determinati dal diritto dell\u2019Unione o degli Stati membri, il titolare del trattamento o i criteri specifici applicabili alla sua designazione possono essere stabiliti dal diritto dell\u2019Unione o degli Stati membri;<br \/>\u00abresponsabile del trattamento\u00bb: la persona fisica o giuridica, l\u2019autorit\u00e0 pubblica, il servizio o altro organismo che tratta dati personali per conto del titolare del trattamento;<br \/>\u00abterzo\u00bb: la persona fisica o giuridica, l\u2019autorit\u00e0 pubblica, il servizio o altro organismo che non sia l\u2019interessato, il titolare del trattamento, il responsabile del trattamento e le persone autorizzate al trattamento dei dati personali sotto l\u2019autorit\u00e0 diretta del titolare o del responsabile.<\/p>\n<p><strong>2. Titolare e Responsabili del trattamento<\/strong><br \/>Il Titolare del trattamento \u00e8 la Fondazione, nella persona del suo legale rappresentante pro tempore domiciliato presso la sede della Fondazione (di seguito il \u201cTitolare\u201d): indirizzo e-mail: <a href=\"mailto:segreteria@italiauganda.org\">segreteria@italiauganda.org<\/a>; via posta: Via Vincenzo Monti 34, 20123 Milano.<br \/>Il Titolare ha la facolt\u00e0 di nominare altri soggetti Responsabili del trattamento, nonch\u00e9 Incaricati autorizzati a compiere operazioni di trattamento. Un elenco completo e aggiornato dei Responsabili e Incaricati \u00e8 disponibile contattando il Titolare ai recapiti di cui sopra.<\/p>\n<p><strong>3. Tipologia di dati trattati<\/strong><br \/>Nell\u2019ambito della gestione del rapporto, la Fondazione acquisisce direttamente da Lei i Suoi dati personali comuni (es. nome, cognome, dati anagrafici, indirizzo, dati finanziari, etc.)<\/p>\n<p><strong>4. Finalit\u00e0 del trattamento dei dati personali<\/strong><br \/>a) finalit\u00e0 di gestione amministrativa ed operativa delle donazioni<br \/>Il trattamento dei dati da Lei forniti \u00e8 diretto, in primo luogo, al conseguimento da parte della Fondazione di finalit\u00e0 di gestione amministrativa e operativa delle donazioni. I Suoi dati possono essere trattati, a titolo meramente esemplificativo, per: (a) la registrazione della donazione sul software gestionale di supporto; (b) l\u2019invio della rendicontazione annua delle donazioni effettuate; (c) l\u2019invio di lettera cartacea di ringraziamento a seguito del ricevimento di donazioni; (d) la gestione delle anagrafiche e dei database della Fondazione; (e) l\u2019assegnazione delle donazioni ricevute ai relativi progetti.<br \/>b) finalit\u00e0 di sviluppo di nuove campagne per l\u2019implementazione di nuovi progetti<br \/>Inoltre, la Fondazione pu\u00f2 fare uso dei Suoi dati compiendo attivit\u00e0 di comunicazione (invio di messaggi, richieste di aiuto, sponsorizzazioni di eventi e di progetti, etc.) per sviluppare nuove campagne di raccolta fondi e per pubblicizzare ed implementare nuovi progetti sostenuti e coordinati dalla Fondazione stessa.<\/p>\n<p><strong>5. Natura del conferimento dei dati personali e conseguenze di un eventuale rifiuto<\/strong><br \/>Il conferimento dei Suoi dati personali \u00e8 indispensabile per il raggiungimento delle finalit\u00e0 sopra indicate; il mancato conferimento dei dati e l\u2019eventuale rifiuto al trattamento degli stessi comporta l\u2019impossibilit\u00e0 di instaurare e\/o proseguire il rapporto con la Fondazione.<\/p>\n<p><strong>6. Modalit\u00e0 del trattamento dei dati personali<\/strong><br \/>Il trattamento dei Suoi dati personali avviene per mezzo di personale debitamente formato in materia di trattamento di dati personali, quali dipendenti, collaboratori o consulenti esterni, specificamente nominati \u201cincaricati\u201d o \u201cresponsabili\u201d del trattamento dal Titolare nell\u2019ambito delle rispettive funzioni o dell\u2019incarico professionale conferito. Il trattamento dei Suoi dati personali avviene anche tramite l\u2019ausilio di strumenti elettronici o, comunque, automatizzati, informatici e telematici, ed in ogni caso con logiche strettamente correlate alle finalit\u00e0 sopra menzionate, al fine di garantire la riservatezza e la sicurezza dei dati personali. Ai sensi e per l\u2019effetto del Codice Privacy e del Regolamento Privacy, la Fondazione tratta i dati nel rispetto dei principi di liceit\u00e0, correttezza, trasparenza, esattezza, integrit\u00e0 e non eccedenza, pertinenza e necessit\u00e0 rispetto alle finalit\u00e0 perseguite, garantendo la tutela della Sua riservatezza e dei Suoi diritti.<\/p>\n<p><strong>7. Conservazione dei dati<\/strong><br \/>I Suoi dati personali saranno conservati per un periodo non superiore a quello strettamente necessario per le finalit\u00e0 perseguite. I Suoi dati personali saranno trattati e conservati tramite archivi informatici presso la sede della Fondazione, nonch\u00e9 presso le sedi dei professionisti e\/o delle societ\u00e0 di servizi a cui i Suoi dati personali vengono trasmessi per perseguire le finalit\u00e0 sopra descritte.<\/p>\n<p><strong>8. Comunicazione dei dati ad altri soggetti terzi<\/strong><br \/>I Suoi dati personali potranno eventualmente essere comunicati a soggetti terzi nel caso in cui ci\u00f2 si renda strettamente necessario nell\u2019ambito delle finalit\u00e0 sopra indicate, o a soggetti che possano accedere ai dati in forza di disposizioni di legge (ad es. pubbliche amministrazioni, forze di polizia, autorit\u00e0 giudiziarie, etc.)<\/p>\n<p><strong>9. Diritti dell\u2019interessato<\/strong><br \/>Come previsto dall\u2019art. 13 del Regolamento Privacy, Lei in ogni momento potr\u00e0, a titolo esemplificativo: (a) chiedere l\u2019accesso ai dati personali, la rettifica, la cancellazione degli stessi o la limitazione del trattamento che lo riguardano; (b) esercitare il diritto alla portabilit\u00e0 dei dati; (d) revocare il consenso in qualsiasi momento senza pregiudicare la liceit\u00e0 del trattamento basata sul consenso prestato prima della revoca; (e) proporre reclamo a un\u2019autorit\u00e0 di controllo.<br \/>Inoltre, in ogni momento potr\u00e0 esercitare nei confronti del Titolare i diritti previsti dall\u2019art. 7 del Codice Privacy.<\/p>\n<p>I diritti sopra descritti possono essere esercitati con richiesta rivolta senza formalit\u00e0 al Titolare del trattamento ai seguenti indirizzi: via e-mail: <a href=\"mailto:segreteria@italiauganda.org\">segreteria@italiauganda.org<\/a>; via posta: Via Vincenzo Monti 34, 20123 Milano.<\/p>\n<p>[\/et_pb_text][et_pb_button button_url=&#8221;https:\/\/www.italiauganda.org\/wp-content\/uploads\/InformativaGDPR.pdf&#8221; url_new_window=&#8221;on&#8221; button_text=&#8221;Visualizza il documento originale&#8221; button_alignment=&#8221;center&#8221; _builder_version=&#8221;4.4.7&#8243;][\/et_pb_button][\/et_pb_column][\/et_pb_row][\/et_pb_section]<\/p>\n","protected":false},"excerpt":{"rendered":"<p>Informativa Privacy Policy INFORMATIVA AI DONATORI SUL TRATTAMENTO DEI DATI EX ART. 13 D.LGS. 196\/2003 E ART. 13 DEL REGOLAMENTO UE 2016\/679 Egregio Signore \/ Gentile Signora,nel ringraziarLa per il Suo prezioso sostegno, Le comunichiamo che la Fondazione Italia Uganda per l\u2019opera di padre Giovanni Scalabrini Onlus, con sede legale in Milano, via Vincenzo Monti [&hellip;]<\/p>\n","protected":false},"author":3,"featured_media":0,"parent":0,"menu_order":0,"comment_status":"closed","ping_status":"open","template":"","meta":{"_et_pb_use_builder":"on","_et_pb_old_content":"","_et_gb_content_width":"","inline_featured_image":false,"footnotes":""},"class_list":["post-3779","page","type-page","status-publish","hentry"],"yoast_head":"<!-- This site is optimized with the Yoast SEO plugin v25.4 - https:\/\/yoast.com\/wordpress\/plugins\/seo\/ -->\n<title>Privacy Policy - Fondazione Italia Uganda<\/title>\n<meta name=\"robots\" content=\"noindex, follow\" \/>\n<meta property=\"og:locale\" content=\"en_US\" \/>\n<meta property=\"og:type\" content=\"article\" \/>\n<meta property=\"og:title\" content=\"Privacy Policy - Fondazione Italia Uganda\" \/>\n<meta property=\"og:description\" content=\"Informativa Privacy Policy INFORMATIVA AI DONATORI SUL TRATTAMENTO DEI DATI EX ART. 13 D.LGS. 196\/2003 E ART. 13 DEL REGOLAMENTO UE 2016\/679 Egregio Signore \/ Gentile Signora,nel ringraziarLa per il Suo prezioso sostegno, Le comunichiamo che la Fondazione Italia Uganda per l\u2019opera di padre Giovanni Scalabrini Onlus, con sede legale in Milano, via Vincenzo Monti [&hellip;]\" \/>\n<meta property=\"og:url\" content=\"https:\/\/www2.italiauganda.org\/en\/privacy-policy\/\" \/>\n<meta property=\"og:site_name\" content=\"Fondazione Italia Uganda\" \/>\n<meta property=\"article:publisher\" content=\"https:\/\/www.facebook.com\/italiauganda\/\" \/>\n<meta property=\"article:modified_time\" content=\"2021-03-29T15:07:44+00:00\" \/>\n<meta name=\"twitter:card\" content=\"summary_large_image\" \/>\n<meta name=\"twitter:label1\" content=\"Est. reading time\" \/>\n\t<meta name=\"twitter:data1\" content=\"6 minutes\" \/>\n<script type=\"application\/ld+json\" class=\"yoast-schema-graph\">{\"@context\":\"https:\/\/schema.org\",\"@graph\":[{\"@type\":\"WebPage\",\"@id\":\"https:\/\/www2.italiauganda.org\/en\/privacy-policy\/\",\"url\":\"https:\/\/www2.italiauganda.org\/en\/privacy-policy\/\",\"name\":\"Privacy Policy - Fondazione Italia Uganda\",\"isPartOf\":{\"@id\":\"https:\/\/www2.italiauganda.org\/en\/#website\"},\"datePublished\":\"2021-03-29T15:07:43+00:00\",\"dateModified\":\"2021-03-29T15:07:44+00:00\",\"breadcrumb\":{\"@id\":\"https:\/\/www2.italiauganda.org\/en\/privacy-policy\/#breadcrumb\"},\"inLanguage\":\"en-US\",\"potentialAction\":[{\"@type\":\"ReadAction\",\"target\":[\"https:\/\/www2.italiauganda.org\/en\/privacy-policy\/\"]}]},{\"@type\":\"BreadcrumbList\",\"@id\":\"https:\/\/www2.italiauganda.org\/en\/privacy-policy\/#breadcrumb\",\"itemListElement\":[{\"@type\":\"ListItem\",\"position\":1,\"name\":\"Home\",\"item\":\"https:\/\/www2.italiauganda.org\/en\/\"},{\"@type\":\"ListItem\",\"position\":2,\"name\":\"Privacy Policy\"}]},{\"@type\":\"WebSite\",\"@id\":\"https:\/\/www2.italiauganda.org\/en\/#website\",\"url\":\"https:\/\/www2.italiauganda.org\/en\/\",\"name\":\"Fondazione Italia Uganda\",\"description\":\"Per l&#039;opera di padre Giovanni Scalabrini Onlus\",\"publisher\":{\"@id\":\"https:\/\/www2.italiauganda.org\/en\/#organization\"},\"potentialAction\":[{\"@type\":\"SearchAction\",\"target\":{\"@type\":\"EntryPoint\",\"urlTemplate\":\"https:\/\/www2.italiauganda.org\/en\/?s={search_term_string}\"},\"query-input\":{\"@type\":\"PropertyValueSpecification\",\"valueRequired\":true,\"valueName\":\"search_term_string\"}}],\"inLanguage\":\"en-US\"},{\"@type\":\"Organization\",\"@id\":\"https:\/\/www2.italiauganda.org\/en\/#organization\",\"name\":\"Fondazione Italia Uganda\",\"url\":\"https:\/\/www2.italiauganda.org\/en\/\",\"logo\":{\"@type\":\"ImageObject\",\"inLanguage\":\"en-US\",\"@id\":\"https:\/\/www2.italiauganda.org\/en\/#\/schema\/logo\/image\/\",\"url\":\"https:\/\/www.italiauganda.org\/wp-content\/uploads\/Logo-Fondazione-Italia-Uganda.jpg\",\"contentUrl\":\"https:\/\/www.italiauganda.org\/wp-content\/uploads\/Logo-Fondazione-Italia-Uganda.jpg\",\"width\":1920,\"height\":555,\"caption\":\"Fondazione Italia Uganda\"},\"image\":{\"@id\":\"https:\/\/www2.italiauganda.org\/en\/#\/schema\/logo\/image\/\"},\"sameAs\":[\"https:\/\/www.facebook.com\/italiauganda\/\",\"https:\/\/www.linkedin.com\/company\/fondazione-italia-uganda-onlus\/\"]}]}<\/script>\n<!-- \/ Yoast SEO plugin. -->","yoast_head_json":{"title":"Privacy Policy - Fondazione Italia Uganda","robots":{"index":"noindex","follow":"follow"},"og_locale":"en_US","og_type":"article","og_title":"Privacy Policy - Fondazione Italia Uganda","og_description":"Informativa Privacy Policy INFORMATIVA AI DONATORI SUL TRATTAMENTO DEI DATI EX ART. 13 D.LGS. 196\/2003 E ART. 13 DEL REGOLAMENTO UE 2016\/679 Egregio Signore \/ Gentile Signora,nel ringraziarLa per il Suo prezioso sostegno, Le comunichiamo che la Fondazione Italia Uganda per l\u2019opera di padre Giovanni Scalabrini Onlus, con sede legale in Milano, via Vincenzo Monti [&hellip;]","og_url":"https:\/\/www2.italiauganda.org\/en\/privacy-policy\/","og_site_name":"Fondazione Italia Uganda","article_publisher":"https:\/\/www.facebook.com\/italiauganda\/","article_modified_time":"2021-03-29T15:07:44+00:00","twitter_card":"summary_large_image","twitter_misc":{"Est. reading time":"6 minutes"},"schema":{"@context":"https:\/\/schema.org","@graph":[{"@type":"WebPage","@id":"https:\/\/www2.italiauganda.org\/en\/privacy-policy\/","url":"https:\/\/www2.italiauganda.org\/en\/privacy-policy\/","name":"Privacy Policy - Fondazione Italia Uganda","isPartOf":{"@id":"https:\/\/www2.italiauganda.org\/en\/#website"},"datePublished":"2021-03-29T15:07:43+00:00","dateModified":"2021-03-29T15:07:44+00:00","breadcrumb":{"@id":"https:\/\/www2.italiauganda.org\/en\/privacy-policy\/#breadcrumb"},"inLanguage":"en-US","potentialAction":[{"@type":"ReadAction","target":["https:\/\/www2.italiauganda.org\/en\/privacy-policy\/"]}]},{"@type":"BreadcrumbList","@id":"https:\/\/www2.italiauganda.org\/en\/privacy-policy\/#breadcrumb","itemListElement":[{"@type":"ListItem","position":1,"name":"Home","item":"https:\/\/www2.italiauganda.org\/en\/"},{"@type":"ListItem","position":2,"name":"Privacy Policy"}]},{"@type":"WebSite","@id":"https:\/\/www2.italiauganda.org\/en\/#website","url":"https:\/\/www2.italiauganda.org\/en\/","name":"Fondazione Italia Uganda","description":"Per l&#039;opera di padre Giovanni Scalabrini Onlus","publisher":{"@id":"https:\/\/www2.italiauganda.org\/en\/#organization"},"potentialAction":[{"@type":"SearchAction","target":{"@type":"EntryPoint","urlTemplate":"https:\/\/www2.italiauganda.org\/en\/?s={search_term_string}"},"query-input":{"@type":"PropertyValueSpecification","valueRequired":true,"valueName":"search_term_string"}}],"inLanguage":"en-US"},{"@type":"Organization","@id":"https:\/\/www2.italiauganda.org\/en\/#organization","name":"Fondazione Italia Uganda","url":"https:\/\/www2.italiauganda.org\/en\/","logo":{"@type":"ImageObject","inLanguage":"en-US","@id":"https:\/\/www2.italiauganda.org\/en\/#\/schema\/logo\/image\/","url":"https:\/\/www.italiauganda.org\/wp-content\/uploads\/Logo-Fondazione-Italia-Uganda.jpg","contentUrl":"https:\/\/www.italiauganda.org\/wp-content\/uploads\/Logo-Fondazione-Italia-Uganda.jpg","width":1920,"height":555,"caption":"Fondazione Italia Uganda"},"image":{"@id":"https:\/\/www2.italiauganda.org\/en\/#\/schema\/logo\/image\/"},"sameAs":["https:\/\/www.facebook.com\/italiauganda\/","https:\/\/www.linkedin.com\/company\/fondazione-italia-uganda-onlus\/"]}]}},"_links":{"self":[{"href":"https:\/\/www2.italiauganda.org\/en\/wp-json\/wp\/v2\/pages\/3779","targetHints":{"allow":["GET"]}}],"collection":[{"href":"https:\/\/www2.italiauganda.org\/en\/wp-json\/wp\/v2\/pages"}],"about":[{"href":"https:\/\/www2.italiauganda.org\/en\/wp-json\/wp\/v2\/types\/page"}],"author":[{"embeddable":true,"href":"https:\/\/www2.italiauganda.org\/en\/wp-json\/wp\/v2\/users\/3"}],"replies":[{"embeddable":true,"href":"https:\/\/www2.italiauganda.org\/en\/wp-json\/wp\/v2\/comments?post=3779"}],"version-history":[{"count":0,"href":"https:\/\/www2.italiauganda.org\/en\/wp-json\/wp\/v2\/pages\/3779\/revisions"}],"wp:attachment":[{"href":"https:\/\/www2.italiauganda.org\/en\/wp-json\/wp\/v2\/media?parent=3779"}],"curies":[{"name":"wp","href":"https:\/\/api.w.org\/{rel}","templated":true}]}}